{"id":107,"date":"2024-10-09T13:55:05","date_gmt":"2024-10-09T11:55:05","guid":{"rendered":"https:\/\/maikehofmann.com\/?page_id=107"},"modified":"2024-10-11T11:32:16","modified_gmt":"2024-10-11T09:32:16","slug":"datenschutz","status":"publish","type":"page","link":"https:\/\/maikehofmann.com\/en\/datenschutz\/","title":{"rendered":"Datenschutz"},"content":{"rendered":"<div data-elementor-type=\"wp-page\" data-elementor-id=\"107\" class=\"elementor elementor-107\">\n\t\t\t\t<div class=\"elementor-element elementor-element-9e759b1 e-flex e-con-boxed e-con e-parent\" data-id=\"9e759b1\" data-element_type=\"container\">\n\t\t\t\t\t<div class=\"e-con-inner\">\n\t\t\t\t<div class=\"elementor-element elementor-element-0256f9f elementor-widget elementor-widget-spacer\" data-id=\"0256f9f\" data-element_type=\"widget\" data-widget_type=\"spacer.default\">\n\t\t\t\t<div class=\"elementor-widget-container\">\n\t\t\t\t\t\t\t<div class=\"elementor-spacer\">\n\t\t\t<div class=\"elementor-spacer-inner\"><\/div>\n\t\t<\/div>\n\t\t\t\t\t\t<\/div>\n\t\t\t\t<\/div>\n\t\t\t\t<div class=\"elementor-element elementor-element-6c8aab4 elementor-widget elementor-widget-heading\" data-id=\"6c8aab4\" data-element_type=\"widget\" data-widget_type=\"heading.default\">\n\t\t\t\t<div class=\"elementor-widget-container\">\n\t\t\t\t\t<h2 class=\"elementor-heading-title elementor-size-default\">Datenschutzerkl\u00e4rung\n\n<\/h2>\t\t\t\t<\/div>\n\t\t\t\t<\/div>\n\t\t\t\t\t<\/div>\n\t\t\t\t<\/div>\n\t\t<div class=\"elementor-element elementor-element-6e8810e e-flex e-con-boxed e-con e-parent\" data-id=\"6e8810e\" data-element_type=\"container\">\n\t\t\t\t\t<div class=\"e-con-inner\">\n\t\t\t\t<div class=\"elementor-element elementor-element-6badf72 elementor-widget elementor-widget-text-editor\" data-id=\"6badf72\" data-element_type=\"widget\" data-widget_type=\"text-editor.default\">\n\t\t\t\t<div class=\"elementor-widget-container\">\n\t\t\t\t\t\t\t\t\t<header id=\"header\" class=\"all_colors header_color light_bg_color av_header_top av_logo_center av_bottom_nav_header av_menu_right av_custom av_header_sticky_disabled av_header_shrinking_disabled av_header_stretch av_mobile_menu_phone av_header_searchicon_disabled av_header_unstick_top av_minimal_header av_alternate_logo_active av_header_border_disabled\" role=\"banner\"><div id=\"header_main\" class=\"container_wrap container_wrap_logo\"><div>\u00a0<\/div><div class=\"container av-logo-container\"><strong>Allgemeine Hinweise<\/strong><\/div><div id=\"header_main_alternate\" class=\"container_wrap\"><div class=\"container\"><nav class=\"main_menu\" role=\"navigation\" data-selectname=\"W\u00e4hle eine Seite\"><div class=\"avia-menu av-main-nav-wrap\"><p>Die folgenden Hinweise geben einen einfachen \u00dcberblick dar\u00fcber, was mit Ihren personenbezogenen Daten passiert, wenn Sie unsere Website besuchen. Personenbezogene Daten sind alle Daten, mit denen Sie pers\u00f6nlich identifiziert werden k\u00f6nnen. Ausf\u00fchrliche Informationen zum Thema Datenschutz entnehmen Sie unserer unter diesem Text aufgef\u00fchrten Datenschutzerkl\u00e4rung.<\/p><\/div><\/nav><\/div><\/div><\/div><\/header><div id=\"main\" class=\"all_colors\" data-scroll-offset=\"0\"><div class=\"main_color container_wrap_first container_wrap fullsize\"><div class=\"container av-section-cont-open\"><div class=\"post-entry post-entry-type-page post-entry-2533\"><div class=\"entry-content-wrapper clearfix\"><div class=\"flex_column av-2qgajp-040033965f3243b2338213f421e34154 av_two_third avia-builder-el-4 el_after_av_one_fifth avia-builder-el-last flex_column_div av-zero-column-padding column-top-margin\"><section class=\"av_textblock_section\"><div class=\"avia_textblock\"><h3>\u00a0<\/h3><h3>DATENERFASSUNG AUF UNSERER WEBSEITE<\/h3><h5>Wer ist verantwortlich f\u00fcr die Datenerfassung auf dieser Webseite?<\/h5><p class=\"p4\"><span class=\"s1\">Die Datenverarbeitung auf dieser Website erfolgt durch den Websitebetreiber. Dessen Kontaktdaten k\u00f6nnen Sie dem Impressum dieser Website entnehmen.<\/span><\/p><p>\u00a0<\/p><p><strong>Wie erfassen wir Ihre Daten?<\/strong><\/p><p class=\"p4\"><span class=\"s1\">Ihre Daten werden zum einen dadurch erhoben, dass Sie uns diese mitteilen. Hierbei kann es sich z.B. um Daten handeln, die Sie in ein Kontaktformular eingeben.<\/span><\/p><p class=\"p4\"><span class=\"s1\">Andere Daten werden automatisch beim Besuch der Website durch unsere IT-Systeme erfasst. Das sind vor allem technische Daten (z.B. Internetbrowser, Betriebssystem oder Uhrzeit des Seitenaufrufs). Die Erfassung dieser Daten erfolgt automatisch, sobald Sie unsere Website betreten.<\/span><\/p><p>\u00a0<\/p><p><strong>Wof\u00fcr nutzen wir Ihre Daten?<\/strong><\/p><p class=\"p4\"><span class=\"s1\">Ein Teil der Daten wird erhoben, um eine fehlerfreie Bereitstellung der Website zu gew\u00e4hrleisten. Andere Daten k\u00f6nnen zur Analyse Ihres Nutzerverhaltens verwendet werden.<\/span><\/p><p>\u00a0<\/p><p><strong>Welche Rechte haben Sie bez\u00fcglich Ihrer Daten?<\/strong><\/p><p class=\"p4\"><span class=\"s1\">Sie haben jederzeit das Recht unentgeltlich Auskunft \u00fcber Herkunft, Empf\u00e4nger und Zweck Ihrer gespeicherten personenbezogenen Daten zu erhalten. Sie haben au\u00dferdem ein Recht, die Berichtigung, Sperrung oder L\u00f6schung dieser Daten zu verlangen. Hierzu sowie zu weiteren Fragen zum Thema Datenschutz k\u00f6nnen Sie sich jederzeit unter der im Impressum angegebenen Adresse an uns wenden. Des Weiteren steht Ihnen ein Beschwerderecht bei der zust\u00e4ndigen Aufsichtsbeh\u00f6rde zu.<\/span><\/p><p class=\"p4\"><span class=\"s1\">Au\u00dferdem haben Sie das Recht, unter bestimmten Umst\u00e4nden die Einschr\u00e4nkung der Verarbeitung Ihrer personenbezogenen Daten zu verlangen. Details hierzu entnehmen Sie der Datenschutzerkl\u00e4rung unter \u201eRecht auf Einschr\u00e4nkung der Verarbeitung\u201c.<\/span><\/p><p>\u00a0<\/p><p><strong>Analyse-Tools und Tools von Drittanbietern<\/strong><\/p><p class=\"p4\"><span class=\"s1\">Beim Besuch unserer Website kann Ihr Surf-Verhalten statistisch ausgewertet werden. Das geschieht vor allem mit Cookies und mit sogenannten Analyseprogrammen. Die Analyse Ihres Surf-Verhaltens erfolgt in der Regel anonym; das Surf-Verhalten kann nicht zu Ihnen zur\u00fcckverfolgt werden. Sie k\u00f6nnen dieser Analyse widersprechen oder sie durch die Nichtbenutzung bestimmter Tools verhindern. Detaillierte Informationen dazu finden Sie in der folgenden Datenschutzerkl\u00e4rung.<\/span><\/p><p class=\"p4\"><span class=\"s1\">Sie k\u00f6nnen dieser Analyse widersprechen. \u00dcber die Widerspruchsm\u00f6glichkeiten werden wir Sie in dieser Datenschutzerkl\u00e4rung informieren.<\/span><\/p><h3>\u00a0<\/h3><h3>ALLGEMEINE HINWEISE UND PFLICHTINFORMATIONEN<\/h3><p><strong>Datenschutz<\/strong><\/p><p class=\"p4\"><span class=\"s1\">Die Betreiber dieser Seiten nehmen den Schutz Ihrer pers\u00f6nlichen Daten sehr ernst. Wir behandeln Ihre personenbezogenen Daten vertraulich und entsprechend der gesetzlichen Datenschutzvorschriften sowie dieser Datenschutzerkl\u00e4rung.<\/span><\/p><p class=\"p4\"><span class=\"s1\">Wenn Sie diese Website benutzen, werden verschiedene personenbezogene Daten erhoben. Personenbezogene Daten sind Daten, mit denen Sie pers\u00f6nlich identifiziert werden k\u00f6nnen. Die vorliegende Datenschutzerkl\u00e4rung erl\u00e4utert, welche Daten wir erheben und wof\u00fcr wir sie nutzen. Sie erl\u00e4utert auch, wie und zu welchem Zweck das geschieht.<\/span><\/p><p class=\"p4\"><span class=\"s1\">Wir weisen darauf hin, dass die Daten\u00fcbertragung im Internet (z.B. bei der Kommunikation per E-Mail) Sicherheitsl\u00fccken aufweisen kann. Ein l\u00fcckenloser Schutz der Daten vor dem Zugriff durch Dritte ist nicht m\u00f6glich.<\/span><\/p><p>\u00a0<\/p><p><strong>Hinweis zur verantwortlichen Stelle<\/strong><\/p><p>Die verantwortliche Stelle f\u00fcr die Datenverarbeitung auf dieser Website ist:<\/p><p class=\"p4\"><span class=\"s1\">Maike Hofmann<br \/>Tulbeckstr.23<br \/>80339 M\u00fcnchen<br \/>E-Mail: maike.work@gmail.com<\/span><\/p><p class=\"p4\"><span class=\"s1\">Verantwortliche Stelle ist die nat\u00fcrliche oder juristische Person, die allein oder gemeinsam mit anderen \u00fcber die Zwecke und Mittel der Verarbeitung von personenbezogenen Daten (z.B. Namen, E-Mail-Adressen o. \u00c4.) entscheidet.<\/span><\/p><p>\u00a0<\/p><p><strong>Widerruf Ihrer Einwilligung zur Datenverarbeitung<\/strong><\/p><p class=\"p4\"><span class=\"s1\">Viele Datenverarbeitungsvorg\u00e4nge sind nur mit Ihrer ausdr\u00fccklichen Einwilligung m\u00f6glich. Sie k\u00f6nnen eine bereits erteilte Einwilligung jederzeit widerrufen. Dazu reicht eine formlose Mitteilung per E-Mail an uns. Die Rechtm\u00e4\u00dfigkeit der bis zum Widerruf erfolgten Datenverarbeitung bleibt vom Widerruf unber\u00fchrt.<\/span><\/p><p>\u00a0<\/p><p><strong>Beschwerderecht bei der zust\u00e4ndigen Aufsichtsbeh\u00f6rde<\/strong><\/p><p class=\"p4\"><span class=\"s1\">Im Falle von Verst\u00f6\u00dfen gegen die DSGVO steht den Betroffenen ein Beschwerderecht bei einer Aufsichtsbeh\u00f6rde, insbesondere in dem Mitgliedstaat ihres gew\u00f6hnlichen Aufenthalts, ihres Arbeitsplatzes oder des Orts des mutma\u00dflichen Versto\u00dfes zu. Das Beschwerderecht besteht unbeschadet anderweitiger verwaltungsrechtlicher oder gerichtlicher Rechtsbehelfe.<\/span><\/p><p>\u00a0<\/p><p><strong>Recht auf Daten\u00fcbertragbarkeit<\/strong><\/p><p class=\"p4\"><span class=\"s1\">Sie haben das Recht, Daten, die wir auf Grundlage Ihrer Einwilligung oder in Erf\u00fcllung eines Vertrags automatisiert verarbeiten, an sich oder an einen Dritten in einem g\u00e4ngigen, maschinenlesbaren Format aush\u00e4ndigen zu lassen. Sofern Sie die direkte \u00dcbertragung der Daten an einen anderen Verantwortlichen verlangen, erfolgt dies nur, soweit es technisch machbar ist.<\/span><\/p><p>\u00a0<\/p><p><strong>SSL \u2013 bzw. TLS \u2013 Verschl\u00fcsselung<\/strong><\/p><p class=\"p4\"><span class=\"s1\">Diese Seite nutzt aus Sicherheitsgr\u00fcnden und zum Schutz der \u00dcbertragung vertraulicher Inhalte, wie zum Beispiel Bestellungen oder Anfragen, die Sie an uns als Seitenbetreiber senden, eine SSL-bzw. TLS-Verschl\u00fcsselung. Eine verschl\u00fcsselte Verbindung erkennen Sie daran, dass die Adresszeile des Browsers von \u201chttp:\/\/\u201d auf \u201chttps:\/\/\u201d wechselt und an dem Schloss-Symbol in Ihrer Browserzeile.<\/span><\/p><p class=\"p4\"><span class=\"s1\">Wenn die SSL- bzw. TLS-Verschl\u00fcsselung aktiviert ist, k\u00f6nnen die Daten, die Sie an uns \u00fcbermitteln, nicht von Dritten mitgelesen werden.<\/span><\/p><p>\u00a0<\/p><p><strong>Auskunft, Sperrung, L\u00f6schung und Berichtigung<\/strong><\/p><p class=\"p4\"><span class=\"s1\">Sie haben im Rahmen der geltenden gesetzlichen Bestimmungen jederzeit das Recht auf unentgeltliche Auskunft \u00fcber Ihre gespeicherten personenbezogenen Daten, deren Herkunft und Empf\u00e4nger und den Zweck der Datenverarbeitung und ggf. ein Recht auf Berichtigung, Sperrung oder L\u00f6schung dieser Daten. Hierzu sowie zu weiteren Fragen zum Thema personenbezogene Daten k\u00f6nnen Sie sich jederzeit unter der im Impressum angegebenen Adresse an uns wenden.<\/span><\/p><p>\u00a0<\/p><p><strong>Widerspruch gegen Werbe-E-Mails<\/strong><\/p><p class=\"p4\"><span class=\"s1\">Der Nutzung von im Rahmen der Impressumspflicht ver\u00f6ffentlichten Kontaktdaten zur \u00dcbersendung von nicht ausdr\u00fccklich angeforderter Werbung und Informationsmaterialien wird hiermit widersprochen. Die Betreiber der Seiten behalten sich ausdr\u00fccklich rechtliche Schritte im Falle der unverlangten Zusendung von Werbeinformationen, etwa durch Spam-E-Mails, vor.<\/span><\/p><h3>\u00a0<\/h3><h3>DATENERFASSUNG AUF UNSERER WEBSEITE<\/h3><p><strong>Cookies<\/strong><\/p><p class=\"p4\"><span class=\"s1\">Die Internetseiten verwenden teilweise so genannte Cookies. Cookies richten auf Ihrem Rechner keinen Schaden an und enthalten keine Viren. Cookies dienen dazu, unser Angebot nutzerfreundlicher, effektiver und sicherer zu machen. Cookies sind kleine Textdateien, die auf Ihrem Rechner abgelegt werden und die Ihr Browser speichert.<\/span><\/p><p class=\"p4\"><span class=\"s1\">Die meisten der von uns verwendeten Cookies sind so genannte \u201cSession-Cookies\u201d. Sie werden nach Ende Ihres Besuchs automatisch gel\u00f6scht. Andere Cookies bleiben auf Ihrem Endger\u00e4t gespeichert bis Sie diese l\u00f6schen. Diese Cookies erm\u00f6glichen es uns, Ihren Browser beim n\u00e4chsten Besuch wiederzuerkennen.<\/span><\/p><p class=\"p4\"><span class=\"s1\">Sie k\u00f6nnen Ihren Browser so einstellen, dass Sie \u00fcber das Setzen von Cookies informiert werden und Cookies nur im Einzelfall erlauben, die Annahme von Cookies f\u00fcr bestimmte F\u00e4lle oder generell ausschlie\u00dfen sowie das automatische L\u00f6schen der Cookies beim Schlie\u00dfen des Browser aktivieren. Bei der Deaktivierung von Cookies kann die Funktionalit\u00e4t dieser Website eingeschr\u00e4nkt sein.<\/span><\/p><p class=\"p4\"><span class=\"s1\">Cookies, die zur Durchf\u00fchrung des elektronischen Kommunikationsvorgangs oder zur Bereitstellung bestimmter, von Ihnen erw\u00fcnschter Funktionen (z.B. Warenkorbfunktion) erforderlich sind, werden auf Grundlage von Art. 6 Abs. 1 lit. f DSGVO gespeichert. Der Websitebetreiber hat ein berechtigtes Interesse an der Speicherung von Cookies zur technisch fehlerfreien und optimierten Bereitstellung seiner Dienste. Soweit andere Cookies (z.B. Cookies zur Analyse Ihres Surfverhaltens) gespeichert werden, werden diese in dieser Datenschutzerkl\u00e4rung gesondert behandelt.<\/span><\/p><p>\u00a0<\/p><p><strong>Server-Log-Dateien<\/strong><\/p><p class=\"p2\"><span class=\"s1\">Der Provider der Seiten erhebt und speichert automatisch Informationen in so genannten Server-Log-Dateien, die Ihr Browser automatisch an uns \u00fcbermittelt. Dies sind:<\/span><\/p><ul class=\"ul1\"><li class=\"li3\"><span class=\"s2\">Browsertyp und Browserversion<\/span><\/li><li class=\"li3\"><span class=\"s2\">verwendetes Betriebssystem<\/span><\/li><li class=\"li3\"><span class=\"s2\">Referrer URL<\/span><\/li><li class=\"li3\"><span class=\"s2\">Hostname des zugreifenden Rechners<\/span><\/li><li class=\"li3\"><span class=\"s2\">Uhrzeit der Serveranfrage<\/span><\/li><li class=\"li3\"><span class=\"s2\">IP-Adresse<\/span><\/li><\/ul><p class=\"p2\"><span class=\"s1\">Eine Zusammenf\u00fchrung dieser Daten mit anderen Datenquellen wird nicht vorgenommen.<\/span><\/p><p class=\"p2\"><span class=\"s1\">Grundlage f\u00fcr die Datenverarbeitung ist Art. 6 Abs. 1 lit. b DSGVO, der die Verarbeitung von Daten zur Erf\u00fcllung eines Vertrags oder vorvertraglicher Ma\u00dfnahmen gestattet.<\/span><\/p><p>\u00a0<\/p><p class=\"p1\"><span class=\"s2\"><strong>Kontaktformular<\/strong><br \/><\/span><\/p><p class=\"p1\"><span class=\"s2\">\u00dcber das von uns bereitgestellte Kontaktformular k\u00f6nnen sie elektronisch Kontakt mit uns aufnehmen. In unserem Kontaktformular ist gekennzeichnet, welche Daten verpflichtend sind und welche freiwillig eingegeben werden k\u00f6nnen. Alle eingegebenen Daten werden bei uns gespeichert und ausschlie\u00dflich zum Zweck der Beantwortung Ihrer Anfragen genutzt. Dar\u00fcber hinaus werden Ihre IP-Adresse sowie Datum und Zeitpunkt der Registrierung gespeichert. Ihre personenbezogenen Daten werden gel\u00f6scht, sobald die Speicherung f\u00fcr diesen Zweck nicht mehr erforderlich ist oder wir schr\u00e4nken die Verarbeitung ein, falls gesetzliche Aufbewahrungspflichten bestehen. Rechtsgrundlage f\u00fcr die Verarbeitung der Daten ist die Durchf\u00fchrung einer vorvertraglichen Ma\u00dfnahme durch Ihre Anfrage gem. Art. 6 Abs. 1 lit. b DSGVO.<\/span><\/p><p>\u00a0<\/p><p><strong>Webhosting \u00fcber ALL-INKL.COM<\/strong><\/p><p class=\"p4\"><span class=\"s1\">Wir nutzen die Dienste der ALL-INKL.COM \u2013 Neue Medien M\u00fcnnich, Hauptstra\u00dfe 68, 02742 Friedersdorf zum Webhosting f\u00fcr unsere Webseiten und haben dazu einen Vertrag zur Auftragsverarbeitung gem\u00e4\u00df Art. 28 DSGVO mit all-inkl.com geschlossen. Weitere Informationen erhalten sie in der Datenschutzerkl\u00e4rung von all-inkl.com unter\u00a0<a href=\"https:\/\/all-inkl.com\/datenschutzinformationen\/\" target=\"_blank\" rel=\"noopener\"><span class=\"s2\">https:\/\/all-inkl.com\/datenschutzinformationen\/<\/span><\/a>. Rechtsgrundlage ist unser berechtigtes Interesse des Betriebes und des Erhalts der Betriebssicherheit dieser Webseiten gem\u00e4\u00df Art. 6 Abs. 1 S. 1 lit. f DSGVO.<\/span><\/p><h2>\u00a0<\/h2><h2 class=\"p1\"><span class=\"s1\">ANALYSE TOOLS\u00a0<\/span><\/h2><p class=\"p2\"><strong><span class=\"s1\">Google Analytics<\/span><\/strong><\/p><p class=\"p3\"><span class=\"s1\">Diese Website nutzt Funktionen des Webanalysedienstes Google Analytics. Anbieter ist die Google Inc., 1600 Amphitheatre Parkway, Mountain View, CA 94043, USA.<\/span><\/p><p class=\"p3\"><span class=\"s1\">Google Analytics verwendet so genannte \u201eCookies\u201c. Das sind Textdateien, die auf Ihrem Computer gespeichert werden und die eine Analyse der Benutzung der Website durch Sie erm\u00f6glichen. Die durch den Cookie erzeugten Informationen \u00fcber Ihre Benutzung dieser Website werden in der Regel an einen Server von Google in den USA \u00fcbertragen und dort gespeichert.<\/span><\/p><p class=\"p3\"><span class=\"s1\">Die Speicherung von Google-Analytics-Cookies erfolgt auf Grundlage von Art. 6 Abs. 1 lit. f DSGVO. Der Websitebetreiber hat ein berechtigtes Interesse an der Analyse des Nutzerverhaltens, um sowohl sein Webangebot als auch seine Werbung zu optimieren.<\/span><\/p><p>\u00a0<\/p><p><strong>Browser Plugin<\/strong><\/p><p class=\"p3\"><span class=\"s1\">Sie k\u00f6nnen die Speicherung der Cookies durch eine entsprechende Einstellung Ihrer Browser-Software verhindern; wir weisen Sie jedoch darauf hin, dass Sie in diesem Fall gegebenenfalls nicht s\u00e4mtliche Funktionen dieser Website vollumf\u00e4nglich werden nutzen k\u00f6nnen. Sie k\u00f6nnen dar\u00fcber hinaus die Erfassung der durch den Cookie erzeugten und auf Ihre Nutzung der Website bezogenen Daten (inkl. Ihrer IP-Adresse) an Google sowie die Verarbeitung dieser Daten durch Google verhindern, indem Sie das unter dem folgenden Link verf\u00fcgbare Browser-Plugin herunterladen und installieren:\u00a0<a href=\"https:\/\/tools.google.com\/dlpage\/gaoptout?hl=de\" target=\"_blank\" rel=\"noopener\"><span class=\"s2\">https:\/\/tools.google.com\/dlpage\/gaoptout?hl=de<\/span><\/a>.<\/span><\/p><p>\u00a0<\/p><p><strong>Widerspruch gegen Datenerfassung<\/strong><\/p><p class=\"p3\"><span class=\"s1\">Sie k\u00f6nnen die Erfassung Ihrer Daten durch Google Analytics verhindern, indem Sie auf folgenden Link klicken. Es wird ein Opt-Out-Cookie gesetzt, der die Erfassung Ihrer Daten bei zuk\u00fcnftigen Besuchen dieser Website verhindert:\u00a0<a id=\"gua-opt-out\" href=\"https:\/\/maikeschulze.com\/datenschutz\/#\" target=\"_blank\" rel=\"noopener\">Google Analytics deaktivieren.<\/a><\/span><\/p><p class=\"p3\"><span class=\"s1\">Mehr Informationen zum Umgang mit Nutzerdaten bei Google Analytics finden Sie in der Datenschutzerkl\u00e4rung von Google:\u00a0<a href=\"https:\/\/support.google.com\/analytics\/answer\/6004245?hl=de\" target=\"_blank\" rel=\"noopener\"><span class=\"s2\">https:\/\/support.google.com\/analytics\/answer\/6004245?hl=de<\/span><\/a>.<\/span><\/p><p>\u00a0<\/p><p><strong>Auftragsverarbeitung<\/strong><\/p><p class=\"p3\"><span class=\"s1\">Wir haben mit Google einen Vertrag zur Auftragsdatenverarbeitung abgeschlossen und setzen die strengen Vorgaben der deutschen Datenschutzbeh\u00f6rden bei der Nutzung von Google Analytics vollst\u00e4ndig um.<\/span><\/p><p>\u00a0<\/p><p><strong>Demografische Merkmale bei Google Analytics<\/strong><\/p><p class=\"p3\"><span class=\"s1\">Diese Website nutzt die Funktion \u201cdemografische Merkmale\u201d von Google Analytics. Dadurch k\u00f6nnen Berichte erstellt werden, die Aussagen zu Alter, Geschlecht und Interessen der Seitenbesucher enthalten. Diese Daten stammen aus interessenbezogener Werbung von Google sowie aus Besucherdaten von Drittanbietern. Diese Daten k\u00f6nnen keiner bestimmten Person zugeordnet werden. Sie k\u00f6nnen diese Funktion jederzeit \u00fcber die Anzeigeneinstellungen in Ihrem Google-Konto deaktivieren oder die Erfassung Ihrer Daten durch Google Analytics wie im Punkt \u201cWiderspruch gegen Datenerfassung\u201d dargestellt generell untersagen.<\/span><\/p><p class=\"p6\">\u00a0<\/p><\/div><\/section><\/div><\/div><\/div><p>\u00a0<\/p><\/div><\/div><\/div>\t\t\t\t\t\t\t\t<\/div>\n\t\t\t\t<\/div>\n\t\t\t\t\t<\/div>\n\t\t\t\t<\/div>\n\t\t\t\t<\/div>","protected":false},"excerpt":{"rendered":"<p>Datenschutzerkl\u00e4rung \u00a0Allgemeine Hinweise Die folgenden Hinweise geben einen einfachen \u00dcberblick dar\u00fcber, was mit Ihren personenbezogenen Daten passiert, wenn Sie unsere Website besuchen. Personenbezogene Daten sind alle Daten, mit denen Sie pers\u00f6nlich identifiziert werden k\u00f6nnen. Ausf\u00fchrliche Informationen zum Thema Datenschutz entnehmen Sie unserer unter diesem Text aufgef\u00fchrten Datenschutzerkl\u00e4rung. \u00a0 DATENERFASSUNG AUF UNSERER WEBSEITE Wer ist verantwortlich [&hellip;]<\/p>","protected":false},"author":1,"featured_media":0,"parent":0,"menu_order":0,"comment_status":"closed","ping_status":"closed","template":"","meta":{"ocean_post_layout":"full-screen","ocean_both_sidebars_style":"","ocean_both_sidebars_content_width":0,"ocean_both_sidebars_sidebars_width":0,"ocean_sidebar":"","ocean_second_sidebar":"","ocean_disable_margins":"on","ocean_add_body_class":"","ocean_shortcode_before_top_bar":"","ocean_shortcode_after_top_bar":"","ocean_shortcode_before_header":"","ocean_shortcode_after_header":"","ocean_has_shortcode":"","ocean_shortcode_after_title":"","ocean_shortcode_before_footer_widgets":"","ocean_shortcode_after_footer_widgets":"","ocean_shortcode_before_footer_bottom":"","ocean_shortcode_after_footer_bottom":"","ocean_display_top_bar":"default","ocean_display_header":"on","ocean_header_style":"","ocean_center_header_left_menu":"","ocean_custom_header_template":"","ocean_custom_logo":0,"ocean_custom_retina_logo":0,"ocean_custom_logo_max_width":0,"ocean_custom_logo_tablet_max_width":0,"ocean_custom_logo_mobile_max_width":0,"ocean_custom_logo_max_height":0,"ocean_custom_logo_tablet_max_height":0,"ocean_custom_logo_mobile_max_height":0,"ocean_header_custom_menu":"","ocean_menu_typo_font_family":"","ocean_menu_typo_font_subset":"","ocean_menu_typo_font_size":0,"ocean_menu_typo_font_size_tablet":0,"ocean_menu_typo_font_size_mobile":0,"ocean_menu_typo_font_size_unit":"px","ocean_menu_typo_font_weight":"","ocean_menu_typo_font_weight_tablet":"","ocean_menu_typo_font_weight_mobile":"","ocean_menu_typo_transform":"","ocean_menu_typo_transform_tablet":"","ocean_menu_typo_transform_mobile":"","ocean_menu_typo_line_height":0,"ocean_menu_typo_line_height_tablet":0,"ocean_menu_typo_line_height_mobile":0,"ocean_menu_typo_line_height_unit":"","ocean_menu_typo_spacing":0,"ocean_menu_typo_spacing_tablet":0,"ocean_menu_typo_spacing_mobile":0,"ocean_menu_typo_spacing_unit":"","ocean_menu_link_color":"","ocean_menu_link_color_hover":"","ocean_menu_link_color_active":"","ocean_menu_link_background":"","ocean_menu_link_hover_background":"","ocean_menu_link_active_background":"","ocean_menu_social_links_bg":"","ocean_menu_social_hover_links_bg":"","ocean_menu_social_links_color":"","ocean_menu_social_hover_links_color":"","ocean_disable_title":"on","ocean_disable_heading":"default","ocean_post_title":"","ocean_post_subheading":"","ocean_post_title_style":"","ocean_post_title_background_color":"","ocean_post_title_background":0,"ocean_post_title_bg_image_position":"","ocean_post_title_bg_image_attachment":"","ocean_post_title_bg_image_repeat":"","ocean_post_title_bg_image_size":"","ocean_post_title_height":0,"ocean_post_title_bg_overlay":0.5,"ocean_post_title_bg_overlay_color":"","ocean_disable_breadcrumbs":"default","ocean_breadcrumbs_color":"","ocean_breadcrumbs_separator_color":"","ocean_breadcrumbs_links_color":"","ocean_breadcrumbs_links_hover_color":"","ocean_display_footer_widgets":"default","ocean_display_footer_bottom":"default","ocean_custom_footer_template":"","footnotes":""},"class_list":["post-107","page","type-page","status-publish","hentry","entry"],"_links":{"self":[{"href":"https:\/\/maikehofmann.com\/en\/wp-json\/wp\/v2\/pages\/107","targetHints":{"allow":["GET"]}}],"collection":[{"href":"https:\/\/maikehofmann.com\/en\/wp-json\/wp\/v2\/pages"}],"about":[{"href":"https:\/\/maikehofmann.com\/en\/wp-json\/wp\/v2\/types\/page"}],"author":[{"embeddable":true,"href":"https:\/\/maikehofmann.com\/en\/wp-json\/wp\/v2\/users\/1"}],"replies":[{"embeddable":true,"href":"https:\/\/maikehofmann.com\/en\/wp-json\/wp\/v2\/comments?post=107"}],"version-history":[{"count":10,"href":"https:\/\/maikehofmann.com\/en\/wp-json\/wp\/v2\/pages\/107\/revisions"}],"predecessor-version":[{"id":158,"href":"https:\/\/maikehofmann.com\/en\/wp-json\/wp\/v2\/pages\/107\/revisions\/158"}],"wp:attachment":[{"href":"https:\/\/maikehofmann.com\/en\/wp-json\/wp\/v2\/media?parent=107"}],"curies":[{"name":"wp","href":"https:\/\/api.w.org\/{rel}","templated":true}]}}